{"id":168,"date":"2012-08-09T12:28:35","date_gmt":"2012-08-09T12:28:35","guid":{"rendered":"http:\/\/stadtbuecherei.gemeinde-fehrbellin.de\/?page_id=168"},"modified":"2026-05-03T20:03:44","modified_gmt":"2026-05-03T20:03:44","slug":"lesungen","status":"publish","type":"page","link":"https:\/\/stadtbuecherei.gemeinde-fehrbellin.de\/","title":{"rendered":"Aktuelle Infos"},"content":{"rendered":"\n<p><\/p>\n\n\n\n<p class=\"has-text-align-center has-x-large-font-size\"><\/p>\n\n\n\n<p class=\"has-medium-font-size\"><\/p>\n\n\n\n<p class=\"has-text-align-center has-large-font-size\"><\/p>\n\n\n\n<figure class=\"wp-block-image size-large\"><img loading=\"lazy\" width=\"1024\" height=\"700\" src=\"https:\/\/stadtbuecherei.gemeinde-fehrbellin.de\/uploads\/2025\/11\/image-3-1024x700.png\" alt=\"\" class=\"wp-image-1508\" srcset=\"https:\/\/stadtbuecherei.gemeinde-fehrbellin.de\/uploads\/2025\/11\/image-3-1024x700.png 1024w, https:\/\/stadtbuecherei.gemeinde-fehrbellin.de\/uploads\/2025\/11\/image-3-300x205.png 300w, https:\/\/stadtbuecherei.gemeinde-fehrbellin.de\/uploads\/2025\/11\/image-3-768x525.png 768w, https:\/\/stadtbuecherei.gemeinde-fehrbellin.de\/uploads\/2025\/11\/image-3-1536x1050.png 1536w, https:\/\/stadtbuecherei.gemeinde-fehrbellin.de\/uploads\/2025\/11\/image-3-439x300.png 439w, https:\/\/stadtbuecherei.gemeinde-fehrbellin.de\/uploads\/2025\/11\/image-3.png 1860w\" sizes=\"(max-width: 1024px) 100vw, 1024px\" \/><\/figure>\n\n\n\n<p class=\"has-text-align-center has-large-font-size\">Veranstaltungstipps<\/p>\n\n\n\n<p><\/p>\n\n\n\n<p class=\"has-text-align-center has-large-font-size\">Neuzug\u00e4nge<\/p>\n\n\n\n<p class=\"has-text-align-center has-medium-font-size\">Es haben wieder ein paar neue Switch-Spiele den Weg zu uns gefunden. Darunter auch welche f\u00fcr die Switch 2. <\/p>\n\n\n\n<p class=\"has-text-align-center has-medium-font-size\">Und die neuen Book-Tonies nat\u00fcrlich, das sind spannende H\u00f6rb\u00fccher f\u00fcr Gr\u00f6\u00dfere. <\/p>\n\n\n\n<p class=\"has-text-align-center has-medium-font-size\">Sie stehen ab sofort bei uns f\u00fcr Euch zur Verf\u00fcgung und warten darauf von Euch ausgeliehen zu werden.<\/p>\n\n\n\n<figure class=\"wp-block-image size-large is-style-rounded\"><img loading=\"lazy\" width=\"1024\" height=\"1021\" src=\"https:\/\/stadtbuecherei.gemeinde-fehrbellin.de\/uploads\/2026\/03\/image-1-1024x1021.png\" alt=\"\" class=\"wp-image-1534\" srcset=\"https:\/\/stadtbuecherei.gemeinde-fehrbellin.de\/uploads\/2026\/03\/image-1-1024x1021.png 1024w, https:\/\/stadtbuecherei.gemeinde-fehrbellin.de\/uploads\/2026\/03\/image-1-300x300.png 300w, https:\/\/stadtbuecherei.gemeinde-fehrbellin.de\/uploads\/2026\/03\/image-1-150x150.png 150w, https:\/\/stadtbuecherei.gemeinde-fehrbellin.de\/uploads\/2026\/03\/image-1-768x766.png 768w, https:\/\/stadtbuecherei.gemeinde-fehrbellin.de\/uploads\/2026\/03\/image-1-1536x1532.png 1536w, https:\/\/stadtbuecherei.gemeinde-fehrbellin.de\/uploads\/2026\/03\/image-1-2048x2043.png 2048w, https:\/\/stadtbuecherei.gemeinde-fehrbellin.de\/uploads\/2026\/03\/image-1-301x300.png 301w\" sizes=\"(max-width: 1024px) 100vw, 1024px\" \/><\/figure>\n\n\n\n<p><\/p>\n\n\n\n<figure class=\"wp-block-image size-large is-style-rounded\"><img loading=\"lazy\" width=\"1024\" height=\"1024\" src=\"https:\/\/stadtbuecherei.gemeinde-fehrbellin.de\/uploads\/2026\/03\/image-2-1024x1024.png\" alt=\"\" class=\"wp-image-1535\" srcset=\"https:\/\/stadtbuecherei.gemeinde-fehrbellin.de\/uploads\/2026\/03\/image-2-1024x1024.png 1024w, https:\/\/stadtbuecherei.gemeinde-fehrbellin.de\/uploads\/2026\/03\/image-2-300x300.png 300w, https:\/\/stadtbuecherei.gemeinde-fehrbellin.de\/uploads\/2026\/03\/image-2-150x150.png 150w, https:\/\/stadtbuecherei.gemeinde-fehrbellin.de\/uploads\/2026\/03\/image-2-768x767.png 768w, https:\/\/stadtbuecherei.gemeinde-fehrbellin.de\/uploads\/2026\/03\/image-2-1536x1534.png 1536w, https:\/\/stadtbuecherei.gemeinde-fehrbellin.de\/uploads\/2026\/03\/image-2-2048x2045.png 2048w\" sizes=\"(max-width: 1024px) 100vw, 1024px\" \/><\/figure>\n\n\n\n<p><\/p>\n\n\n\n<p class=\"has-text-align-center has-large-font-size\"><\/p>\n\n\n\n<p><\/p>\n\n\n\n<p><\/p>\n\n\n\n<p><\/p>\n\n\n\n<h2 class=\"has-text-align-center has-medium-font-size\">Bitte beachten Sie auch, dass seit dem 01.07.2025 Zahlungsvorg\u00e4nge nur noch Bargeldlos vorgenommen werden k\u00f6nnen. <\/h2>\n\n\n\n<h2 class=\"has-text-align-center has-medium-font-size\">Wir bitten um Ihr Verst\u00e4ndnis. Vielen Dank!<\/h2>\n\n\n\n<figure class=\"wp-block-image size-large\"><img loading=\"lazy\" width=\"714\" height=\"1024\" src=\"https:\/\/stadtbuecherei.gemeinde-fehrbellin.de\/uploads\/2025\/07\/image-1-714x1024.png\" alt=\"\" class=\"wp-image-1472\" srcset=\"https:\/\/stadtbuecherei.gemeinde-fehrbellin.de\/uploads\/2025\/07\/image-1-714x1024.png 714w, https:\/\/stadtbuecherei.gemeinde-fehrbellin.de\/uploads\/2025\/07\/image-1-209x300.png 209w, https:\/\/stadtbuecherei.gemeinde-fehrbellin.de\/uploads\/2025\/07\/image-1-768x1101.png 768w, https:\/\/stadtbuecherei.gemeinde-fehrbellin.de\/uploads\/2025\/07\/image-1.png 955w\" sizes=\"(max-width: 714px) 100vw, 714px\" \/><\/figure>\n\n\n\n<div class=\"wp-block-cover\" style=\"min-height:305px\"><span aria-hidden=\"true\" class=\"wp-block-cover__gradient-background has-background-dim\"><\/span><img loading=\"lazy\" width=\"1280\" height=\"1280\" class=\"wp-block-cover__image-background wp-image-935\" alt=\"\" src=\"https:\/\/stadtbuecherei.gemeinde-fehrbellin.de\/uploads\/2021\/11\/facebook-g5fd43d3cb_1280.png\" data-object-fit=\"cover\" srcset=\"https:\/\/stadtbuecherei.gemeinde-fehrbellin.de\/uploads\/2021\/11\/facebook-g5fd43d3cb_1280.png 1280w, https:\/\/stadtbuecherei.gemeinde-fehrbellin.de\/uploads\/2021\/11\/facebook-g5fd43d3cb_1280-150x150.png 150w, https:\/\/stadtbuecherei.gemeinde-fehrbellin.de\/uploads\/2021\/11\/facebook-g5fd43d3cb_1280-300x300.png 300w, https:\/\/stadtbuecherei.gemeinde-fehrbellin.de\/uploads\/2021\/11\/facebook-g5fd43d3cb_1280-768x768.png 768w, https:\/\/stadtbuecherei.gemeinde-fehrbellin.de\/uploads\/2021\/11\/facebook-g5fd43d3cb_1280-1024x1024.png 1024w\" sizes=\"(max-width: 1280px) 100vw, 1280px\" \/><div class=\"wp-block-cover__inner-container\">\n<p class=\"has-text-align-center has-large-font-size\"> <br>Aktuelle Beitr\u00e4ge zur Stadtb\u00fccherei Fehrbellin finden Sie auch \u00fcber Social Media. Folgen Sie der Gemeinde Fehrbellin auf <a href=\"https:\/\/www.facebook.com\/Gemeinde.Fehrbellin01\/\">Facebook<\/a> und <a href=\"https:\/\/www.instagram.com\/gemeindefehrbellin\/\">Instagram<\/a>.<\/p>\n<\/div><\/div>\n","protected":false},"excerpt":{"rendered":"<p>Veranstaltungstipps Neuzug\u00e4nge Es haben wieder ein paar neue Switch-Spiele den Weg zu uns gefunden. Darunter auch welche f\u00fcr die Switch 2. Und die neuen Book-Tonies nat\u00fcrlich, das sind spannende H\u00f6rb\u00fccher f\u00fcr Gr\u00f6\u00dfere. Sie stehen ab sofort bei uns f\u00fcr Euch &hellip; <a href=\"https:\/\/stadtbuecherei.gemeinde-fehrbellin.de\/\">Weiterlesen <span class=\"meta-nav\">&rarr;<\/span><\/a><\/p>\n","protected":false},"author":2,"featured_media":0,"parent":0,"menu_order":1,"comment_status":"closed","ping_status":"closed","template":"sidebar-page.php","meta":[],"_links":{"self":[{"href":"https:\/\/stadtbuecherei.gemeinde-fehrbellin.de\/index.php?rest_route=\/wp\/v2\/pages\/168"}],"collection":[{"href":"https:\/\/stadtbuecherei.gemeinde-fehrbellin.de\/index.php?rest_route=\/wp\/v2\/pages"}],"about":[{"href":"https:\/\/stadtbuecherei.gemeinde-fehrbellin.de\/index.php?rest_route=\/wp\/v2\/types\/page"}],"author":[{"embeddable":true,"href":"https:\/\/stadtbuecherei.gemeinde-fehrbellin.de\/index.php?rest_route=\/wp\/v2\/users\/2"}],"replies":[{"embeddable":true,"href":"https:\/\/stadtbuecherei.gemeinde-fehrbellin.de\/index.php?rest_route=%2Fwp%2Fv2%2Fcomments&post=168"}],"version-history":[{"count":353,"href":"https:\/\/stadtbuecherei.gemeinde-fehrbellin.de\/index.php?rest_route=\/wp\/v2\/pages\/168\/revisions"}],"predecessor-version":[{"id":1543,"href":"https:\/\/stadtbuecherei.gemeinde-fehrbellin.de\/index.php?rest_route=\/wp\/v2\/pages\/168\/revisions\/1543"}],"wp:attachment":[{"href":"https:\/\/stadtbuecherei.gemeinde-fehrbellin.de\/index.php?rest_route=%2Fwp%2Fv2%2Fmedia&parent=168"}],"curies":[{"name":"wp","href":"https:\/\/api.w.org\/{rel}","templated":true}]}}