{"id":108,"date":"2012-03-26T08:53:33","date_gmt":"2012-03-26T08:53:33","guid":{"rendered":"http:\/\/stadtbuecherei.gemeinde-fehrbellin.de\/?page_id=108"},"modified":"2025-06-27T07:08:17","modified_gmt":"2025-06-27T07:08:17","slug":"impressum","status":"publish","type":"page","link":"https:\/\/stadtbuecherei.gemeinde-fehrbellin.de\/?page_id=108","title":{"rendered":"Impressum"},"content":{"rendered":"<p><strong>Herausgeber:<\/strong><br \/>\nGemeinde Fehrbellin<br \/>\nDer B\u00fcrgermeister &#8211; Herr Mathias Perschall<br \/>\nJohann-Sebastian-Bach-Stra\u00dfe 6<br \/>\n16833 Gemeinde Fehrbellin OT Fehrbellin<\/p>\n<p><strong>Kontakt<\/strong><br \/>\nTelefon: 033932\/70255<br \/>\nE-Mail:\u00a0 stadtbuecherei-fehrbellin@gemeinde-fehrbellin.de<\/p>\n<p><strong><strong>Redaktion<\/strong>:<br \/>\n<\/strong>Stadtb\u00fccherei Fehrbellin<br \/>\nFrau Hinz, Frau Wolski<br \/>\nJohann-Sebastian-Bach-Stra\u00dfe 7c<br \/>\n16833 Fehrbellin<\/p>\n<p><strong>Ansprechpartner f\u00fcr den Datenschutz:<br \/>\n<\/strong>Unseren Datenschutzbeauftragten erreichen Sie unter der<br \/>\nE-Mailadresse:\u00a0 <strong>datenschutz@gemeinde-fehrbellin.de<\/strong><\/p>\n<p><strong>Haftungsausschluss:<\/strong><br \/>\nDer Herausgeber dieser Homepage \u00fcbernimmt keinerlei Gew\u00e4hr f\u00fcr die Aktualit\u00e4t, Korrektheit, Vollst\u00e4ndigkeit oder Qualit\u00e4t der bereitgestellten Informationen. Der Herausgeber beh\u00e4lt es sich ausdr\u00fccklich vor, Teile der Seiten oder das gesamte Angebot ohne gesonderte Ank\u00fcndigung zu ver\u00e4ndern, zu erg\u00e4nzen, zu l\u00f6schen oder die Ver\u00f6ffentlichung zeitweise oder endg\u00fcltig einzustellen. Haftungsanspr\u00fcche gegen den Inhaber, die sich auf Sch\u00e4den materieller oder ideeller Art beziehen, welche durch die Nutzung oder Nichtnutzung der dargebotenen Informationen bzw. durch die Nutzung fehlerhafter und unvollst\u00e4ndiger Informationen verursacht wurden sind ausgeschlossen.<\/p>\n<p>Wir m\u00f6chten ausdr\u00fccklich betonen, dass wir keinerlei Einfluss auf die Gestaltung und die Inhalte der gelinkten Seiten haben. Deshalb distanzieren wir uns hiermit ausdr\u00fccklich von allen Inhalten aller gelinkter Seiten und machen uns diese nicht zu Eigen. Diese Erkl\u00e4rung gilt f\u00fcr alle innerhalb unserer Seiten, ausgebrachte Links und f\u00fcr alle Inhalte der Seiten, zu denen diese Links f\u00fchren.<\/p>\n<p>F\u00fcr Inhalte und Sch\u00e4den, die aus der Nutzung oder Nichtnutzung durch Links dargebotener Informationen entstehen, haften allein die Anbieter dieser Seiten, nicht derjenige, der \u00fcber Links auf die jeweilige Ver\u00f6ffentlichung lediglich verweist. Diese Einschr\u00e4nkung gilt gleicherma\u00dfen auch f\u00fcr Fremdeintr\u00e4ge in allen interaktiven Elementen dieses Internet-Auftritts. F\u00fcr den Inhalt fremder Seiten ist ausschlie\u00dflich der betreffende Autor selbst verantwortlich.<\/p>\n<p>Die Links und Informationen dieser Homepage werden nur zum Informationsaustausch bereitgestellt und begr\u00fcnden keine gesch\u00e4ftlichen oder beruflichen Beziehungen irgendwelcher Art. Sie sind nicht als Rechts- oder Steuerberatungsleistungen zu verstehen, sondern dienen rein informativen Zwecken. Vor gesch\u00e4ftlichen Entscheidungen setzen Sie sich bitte mit ihrem Steuerberater oder Rechtsanwalt in Verbindung.<\/p>\n<p><strong>Urheberrecht<\/strong><br \/>\nDie durch die Seitenbetreiber erstellten Inhalte und Werke auf diesen Seiten unterliegen dem deutschen Urheberrecht. Die Vervielf\u00e4ltigung, Bearbeitung, Verbreitung und jede Art der Verwertung au\u00dferhalb der Grenzen des Urheberrechtes bed\u00fcrfen der schriftlichen Zustimmung des jeweiligen Autors bzw. Erstellers. Downloads und Kopien dieser Seite sind nur f\u00fcr den privaten, nicht kommerziellen Gebrauch gestattet. Soweit die Inhalte auf dieser Seite nicht vom Betreiber erstellt wurden, werden die Urheberrechte Dritter beachtet. Insbesondere werden Inhalte Dritter als solche gekennzeichnet. Sollten Sie trotzdem auf eine Urheberrechtsverletzung aufmerksam werden, bitten wir um einen entsprechenden Hinweis. Bei Bekanntwerden von Rechtsverletzungen werden wir derartige Inhalte umgehend entfernen.<\/p>\n","protected":false},"excerpt":{"rendered":"<p>Herausgeber: Gemeinde Fehrbellin Der B\u00fcrgermeister &#8211; Herr Mathias Perschall Johann-Sebastian-Bach-Stra\u00dfe 6 16833 Gemeinde Fehrbellin OT Fehrbellin Kontakt Telefon: 033932\/70255 E-Mail:\u00a0 stadtbuecherei-fehrbellin@gemeinde-fehrbellin.de Redaktion: Stadtb\u00fccherei Fehrbellin Frau Hinz, Frau Wolski Johann-Sebastian-Bach-Stra\u00dfe 7c 16833 Fehrbellin Ansprechpartner f\u00fcr den Datenschutz: Unseren Datenschutzbeauftragten erreichen Sie &hellip; <a href=\"https:\/\/stadtbuecherei.gemeinde-fehrbellin.de\/?page_id=108\">Weiterlesen <span class=\"meta-nav\">&rarr;<\/span><\/a><\/p>\n","protected":false},"author":2,"featured_media":0,"parent":0,"menu_order":6,"comment_status":"closed","ping_status":"closed","template":"sidebar-page.php","meta":[],"_links":{"self":[{"href":"https:\/\/stadtbuecherei.gemeinde-fehrbellin.de\/index.php?rest_route=\/wp\/v2\/pages\/108"}],"collection":[{"href":"https:\/\/stadtbuecherei.gemeinde-fehrbellin.de\/index.php?rest_route=\/wp\/v2\/pages"}],"about":[{"href":"https:\/\/stadtbuecherei.gemeinde-fehrbellin.de\/index.php?rest_route=\/wp\/v2\/types\/page"}],"author":[{"embeddable":true,"href":"https:\/\/stadtbuecherei.gemeinde-fehrbellin.de\/index.php?rest_route=\/wp\/v2\/users\/2"}],"replies":[{"embeddable":true,"href":"https:\/\/stadtbuecherei.gemeinde-fehrbellin.de\/index.php?rest_route=%2Fwp%2Fv2%2Fcomments&post=108"}],"version-history":[{"count":10,"href":"https:\/\/stadtbuecherei.gemeinde-fehrbellin.de\/index.php?rest_route=\/wp\/v2\/pages\/108\/revisions"}],"predecessor-version":[{"id":1461,"href":"https:\/\/stadtbuecherei.gemeinde-fehrbellin.de\/index.php?rest_route=\/wp\/v2\/pages\/108\/revisions\/1461"}],"wp:attachment":[{"href":"https:\/\/stadtbuecherei.gemeinde-fehrbellin.de\/index.php?rest_route=%2Fwp%2Fv2%2Fmedia&parent=108"}],"curies":[{"name":"wp","href":"https:\/\/api.w.org\/{rel}","templated":true}]}}